{"id":497,"date":"2024-06-17T16:48:23","date_gmt":"2024-06-17T14:48:23","guid":{"rendered":"https:\/\/mieterportal.wa-kurpark.de\/?page_id=497"},"modified":"2024-12-10T14:41:25","modified_gmt":"2024-12-10T13:41:25","slug":"informationen-2","status":"publish","type":"page","link":"https:\/\/mieterportal.wa-kurpark.de\/index.php\/informationen-2\/","title":{"rendered":"Informationen"},"content":{"rendered":"\n<h2 class=\"wp-block-heading\">News<\/h2>\n\n\n\n<div class=\"wp-block-media-text is-stacked-on-mobile\"><figure class=\"wp-block-media-text__media\"><\/figure><div class=\"wp-block-media-text__content\">\n<p>Letzte Stollenausgabe am 12.12.2024<\/p>\n\n\n\n<p>Trotz des schlechten Wetters, konnten wir unser traditionelles Stollenfest erfolgreich durchf\u00fchren und Danken euch f\u00fcr die gro\u00dfartige Beteiligung. Leider konnten nicht alle ihre Stolle in Empfang nehmen. Daher werden wir am 12.12.2024 in der Zeit zwischen 18:30 Uhr &#8211; 19:00 Uhr die letzte Stollenausgabe durchf\u00fchren sodass die Mieter die noch keine Stolle erhalten haben sich gerne Ihre Stolle abholen k\u00f6nnen.<\/p>\n\n\n\n<p>Wo? Am Heizhaus (BHKW Container)<\/p>\n<\/div><\/div>\n","protected":false},"excerpt":{"rendered":"<p>News Letzte Stollenausgabe am 12.12.2024 Trotz des schlechten Wetters, konnten wir unser traditionelles Stollenfest erfolgreich durchf\u00fchren und Danken euch f\u00fcr&hellip;<\/p>\n","protected":false},"author":1,"featured_media":0,"parent":0,"menu_order":0,"comment_status":"closed","ping_status":"closed","template":"","meta":{"footnotes":""},"class_list":["post-497","page","type-page","status-publish","hentry"],"_links":{"self":[{"href":"https:\/\/mieterportal.wa-kurpark.de\/index.php\/wp-json\/wp\/v2\/pages\/497","targetHints":{"allow":["GET"]}}],"collection":[{"href":"https:\/\/mieterportal.wa-kurpark.de\/index.php\/wp-json\/wp\/v2\/pages"}],"about":[{"href":"https:\/\/mieterportal.wa-kurpark.de\/index.php\/wp-json\/wp\/v2\/types\/page"}],"author":[{"embeddable":true,"href":"https:\/\/mieterportal.wa-kurpark.de\/index.php\/wp-json\/wp\/v2\/users\/1"}],"replies":[{"embeddable":true,"href":"https:\/\/mieterportal.wa-kurpark.de\/index.php\/wp-json\/wp\/v2\/comments?post=497"}],"version-history":[{"count":2,"href":"https:\/\/mieterportal.wa-kurpark.de\/index.php\/wp-json\/wp\/v2\/pages\/497\/revisions"}],"predecessor-version":[{"id":884,"href":"https:\/\/mieterportal.wa-kurpark.de\/index.php\/wp-json\/wp\/v2\/pages\/497\/revisions\/884"}],"wp:attachment":[{"href":"https:\/\/mieterportal.wa-kurpark.de\/index.php\/wp-json\/wp\/v2\/media?parent=497"}],"curies":[{"name":"wp","href":"https:\/\/api.w.org\/{rel}","templated":true}]}}