{"id":32,"date":"2023-07-19T11:44:06","date_gmt":"2023-07-19T09:44:06","guid":{"rendered":"http:\/\/bd-internal-wopa.dynv6.net\/index.php\/register\/"},"modified":"2024-12-13T14:06:23","modified_gmt":"2024-12-13T13:06:23","slug":"register","status":"publish","type":"page","link":"https:\/\/mieterportal.wa-kurpark.de\/index.php\/register\/","title":{"rendered":"Registrieren"},"content":{"rendered":"<div class=\"wpforms-container wpforms-container-full wpforms-render-modern\" id=\"wpforms-125\"><form id=\"wpforms-form-125\" class=\"wpforms-validate wpforms-form wpforms-ajax-form\" data-formid=\"125\" method=\"post\" enctype=\"multipart\/form-data\" action=\"\/index.php\/wp-json\/wp\/v2\/pages\/32\" data-token=\"bc354d40f2103ab3c557da61ea424661\" data-token-time=\"1777486364\"><noscript class=\"wpforms-error-noscript\">Bitte aktiviere JavaScript in deinem Browser, um dieses Formular fertigzustellen.<\/noscript><div class=\"wpforms-hidden\" id=\"wpforms-error-noscript\">Bitte aktiviere JavaScript in deinem Browser, um dieses Formular fertigzustellen.<\/div><div class=\"wpforms-field-container\"><div id=\"wpforms-125-field_1-container\" class=\"wpforms-field wpforms-field-text\" data-field-id=\"1\"><label class=\"wpforms-field-label\" for=\"wpforms-125-field_1\">Vorname <span class=\"wpforms-required-label\" aria-hidden=\"true\">*<\/span><\/label><input type=\"text\" id=\"wpforms-125-field_1\" class=\"wpforms-field-medium wpforms-field-required\" name=\"wpforms[fields][1]\" aria-errormessage=\"wpforms-125-field_1-error\" required><\/div><div id=\"wpforms-125-field_2-container\" class=\"wpforms-field wpforms-field-text\" data-field-id=\"2\"><label class=\"wpforms-field-label\" for=\"wpforms-125-field_2\">Name <span class=\"wpforms-required-label\" aria-hidden=\"true\">*<\/span><\/label><input type=\"text\" id=\"wpforms-125-field_2\" class=\"wpforms-field-medium wpforms-field-required\" name=\"wpforms[fields][2]\" aria-errormessage=\"wpforms-125-field_2-error\" required><\/div><div id=\"wpforms-125-field_4-container\" class=\"wpforms-field wpforms-field-radio\" data-field-id=\"4\"><fieldset><legend class=\"wpforms-field-label\">Windm\u00fchlenweg <span class=\"wpforms-required-label\" aria-hidden=\"true\">*<\/span><\/legend><ul id=\"wpforms-125-field_4\" class=\"wpforms-field-required\"><li class=\"choice-1 depth-1\"><input type=\"radio\" id=\"wpforms-125-field_4_1\" name=\"wpforms[fields][4]\" value=\"5 A\" aria-errormessage=\"wpforms-125-field_4_1-error\" required ><label class=\"wpforms-field-label-inline\" for=\"wpforms-125-field_4_1\">5 A<\/label><\/li><li class=\"choice-2 depth-1\"><input type=\"radio\" id=\"wpforms-125-field_4_2\" name=\"wpforms[fields][4]\" value=\"5 B\" aria-errormessage=\"wpforms-125-field_4_2-error\" required ><label class=\"wpforms-field-label-inline\" for=\"wpforms-125-field_4_2\">5 B<\/label><\/li><li class=\"choice-3 depth-1\"><input type=\"radio\" id=\"wpforms-125-field_4_3\" name=\"wpforms[fields][4]\" value=\"5 C\" aria-errormessage=\"wpforms-125-field_4_3-error\" required ><label class=\"wpforms-field-label-inline\" for=\"wpforms-125-field_4_3\">5 C<\/label><\/li><li class=\"choice-14 depth-1\"><input type=\"radio\" id=\"wpforms-125-field_4_14\" name=\"wpforms[fields][4]\" value=\"5 D\" aria-errormessage=\"wpforms-125-field_4_14-error\" required ><label class=\"wpforms-field-label-inline\" for=\"wpforms-125-field_4_14\">5 D<\/label><\/li><li class=\"choice-13 depth-1\"><input type=\"radio\" id=\"wpforms-125-field_4_13\" name=\"wpforms[fields][4]\" value=\"7 A\" aria-errormessage=\"wpforms-125-field_4_13-error\" required ><label class=\"wpforms-field-label-inline\" for=\"wpforms-125-field_4_13\">7 A<\/label><\/li><li class=\"choice-12 depth-1\"><input type=\"radio\" id=\"wpforms-125-field_4_12\" name=\"wpforms[fields][4]\" value=\"7 B\" aria-errormessage=\"wpforms-125-field_4_12-error\" required ><label class=\"wpforms-field-label-inline\" for=\"wpforms-125-field_4_12\">7 B<\/label><\/li><li class=\"choice-11 depth-1\"><input type=\"radio\" id=\"wpforms-125-field_4_11\" name=\"wpforms[fields][4]\" value=\"7 C\" aria-errormessage=\"wpforms-125-field_4_11-error\" required ><label class=\"wpforms-field-label-inline\" for=\"wpforms-125-field_4_11\">7 C<\/label><\/li><li class=\"choice-10 depth-1\"><input type=\"radio\" id=\"wpforms-125-field_4_10\" name=\"wpforms[fields][4]\" value=\"7 D\" aria-errormessage=\"wpforms-125-field_4_10-error\" required ><label class=\"wpforms-field-label-inline\" for=\"wpforms-125-field_4_10\">7 D<\/label><\/li><li class=\"choice-9 depth-1\"><input type=\"radio\" id=\"wpforms-125-field_4_9\" name=\"wpforms[fields][4]\" value=\"7 E\" aria-errormessage=\"wpforms-125-field_4_9-error\" required ><label class=\"wpforms-field-label-inline\" for=\"wpforms-125-field_4_9\">7 E<\/label><\/li><li class=\"choice-8 depth-1\"><input type=\"radio\" id=\"wpforms-125-field_4_8\" name=\"wpforms[fields][4]\" value=\"7 F\" aria-errormessage=\"wpforms-125-field_4_8-error\" required ><label class=\"wpforms-field-label-inline\" for=\"wpforms-125-field_4_8\">7 F<\/label><\/li><li class=\"choice-7 depth-1\"><input type=\"radio\" id=\"wpforms-125-field_4_7\" name=\"wpforms[fields][4]\" value=\"7 G\" aria-errormessage=\"wpforms-125-field_4_7-error\" required ><label class=\"wpforms-field-label-inline\" for=\"wpforms-125-field_4_7\">7 G<\/label><\/li><li class=\"choice-6 depth-1\"><input type=\"radio\" id=\"wpforms-125-field_4_6\" name=\"wpforms[fields][4]\" value=\"7 H\" aria-errormessage=\"wpforms-125-field_4_6-error\" required ><label class=\"wpforms-field-label-inline\" for=\"wpforms-125-field_4_6\">7 H<\/label><\/li><li class=\"choice-5 depth-1\"><input type=\"radio\" id=\"wpforms-125-field_4_5\" name=\"wpforms[fields][4]\" value=\"9 A\" aria-errormessage=\"wpforms-125-field_4_5-error\" required ><label class=\"wpforms-field-label-inline\" for=\"wpforms-125-field_4_5\">9 A<\/label><\/li><li class=\"choice-19 depth-1\"><input type=\"radio\" id=\"wpforms-125-field_4_19\" name=\"wpforms[fields][4]\" value=\"9 B\" aria-errormessage=\"wpforms-125-field_4_19-error\" required ><label class=\"wpforms-field-label-inline\" for=\"wpforms-125-field_4_19\">9 B<\/label><\/li><li class=\"choice-18 depth-1\"><input type=\"radio\" id=\"wpforms-125-field_4_18\" name=\"wpforms[fields][4]\" value=\"9 C\" aria-errormessage=\"wpforms-125-field_4_18-error\" required ><label class=\"wpforms-field-label-inline\" for=\"wpforms-125-field_4_18\">9 C<\/label><\/li><li class=\"choice-17 depth-1\"><input type=\"radio\" id=\"wpforms-125-field_4_17\" name=\"wpforms[fields][4]\" value=\"9 D\" aria-errormessage=\"wpforms-125-field_4_17-error\" required ><label class=\"wpforms-field-label-inline\" for=\"wpforms-125-field_4_17\">9 D<\/label><\/li><li class=\"choice-16 depth-1\"><input type=\"radio\" id=\"wpforms-125-field_4_16\" name=\"wpforms[fields][4]\" value=\"9 E\" aria-errormessage=\"wpforms-125-field_4_16-error\" required ><label class=\"wpforms-field-label-inline\" for=\"wpforms-125-field_4_16\">9 E<\/label><\/li><li class=\"choice-15 depth-1\"><input type=\"radio\" id=\"wpforms-125-field_4_15\" name=\"wpforms[fields][4]\" value=\"9 F\" aria-errormessage=\"wpforms-125-field_4_15-error\" required ><label class=\"wpforms-field-label-inline\" for=\"wpforms-125-field_4_15\">9 F<\/label><\/li><li class=\"choice-4 depth-1\"><input type=\"radio\" id=\"wpforms-125-field_4_4\" name=\"wpforms[fields][4]\" value=\"9 G\" aria-errormessage=\"wpforms-125-field_4_4-error\" required ><label class=\"wpforms-field-label-inline\" for=\"wpforms-125-field_4_4\">9 G<\/label><\/li><li class=\"choice-20 depth-1\"><input type=\"radio\" id=\"wpforms-125-field_4_20\" name=\"wpforms[fields][4]\" value=\"9 H\" aria-errormessage=\"wpforms-125-field_4_20-error\" required ><label class=\"wpforms-field-label-inline\" for=\"wpforms-125-field_4_20\">9 H<\/label><\/li><\/ul><\/fieldset><\/div><div id=\"wpforms-125-field_5-container\" class=\"wpforms-field wpforms-field-email\" data-field-id=\"5\"><label class=\"wpforms-field-label\" for=\"wpforms-125-field_5\">E-Mail <span class=\"wpforms-required-label\" aria-hidden=\"true\">*<\/span><\/label><input type=\"email\" id=\"wpforms-125-field_5\" class=\"wpforms-field-medium wpforms-field-required\" name=\"wpforms[fields][5]\" spellcheck=\"false\" aria-errormessage=\"wpforms-125-field_5-error\" required><\/div><div id=\"wpforms-125-field_6-container\" class=\"wpforms-field wpforms-field-checkbox\" data-field-id=\"6\"><fieldset><legend class=\"wpforms-field-label\">Ich beantrange... <span class=\"wpforms-required-label\" aria-hidden=\"true\">*<\/span><\/legend><ul id=\"wpforms-125-field_6\" class=\"wpforms-field-required\"><li class=\"choice-1 depth-1\"><input type=\"checkbox\" id=\"wpforms-125-field_6_1\" name=\"wpforms[fields][6][]\" value=\"Einen Zugang zum Mieterportal\" aria-errormessage=\"wpforms-125-field_6_1-error\" required ><label class=\"wpforms-field-label-inline\" for=\"wpforms-125-field_6_1\">Einen Zugang zum Mieterportal<\/label><\/li><li class=\"choice-2 depth-1\"><input type=\"checkbox\" id=\"wpforms-125-field_6_2\" name=\"wpforms[fields][6][]\" value=\"Einen Stellplatz f\u00fcr mein KFZ\" aria-errormessage=\"wpforms-125-field_6_2-error\" required ><label class=\"wpforms-field-label-inline\" for=\"wpforms-125-field_6_2\">Einen Stellplatz f\u00fcr mein KFZ<\/label><\/li><li class=\"choice-3 depth-1\"><input type=\"checkbox\" id=\"wpforms-125-field_6_3\" name=\"wpforms[fields][6][]\" value=\"Einen Stellplatz f\u00fcr eine Fahrradbox\" aria-errormessage=\"wpforms-125-field_6_3-error\" required ><label class=\"wpforms-field-label-inline\" for=\"wpforms-125-field_6_3\">Einen Stellplatz f\u00fcr eine Fahrradbox<\/label><\/li><li class=\"choice-4 depth-1\"><input type=\"checkbox\" id=\"wpforms-125-field_6_4\" name=\"wpforms[fields][6][]\" value=\"Einen Schl\u00fcssel f\u00fcr den M\u00fcllplatz\" aria-errormessage=\"wpforms-125-field_6_4-error\" required ><label class=\"wpforms-field-label-inline\" for=\"wpforms-125-field_6_4\">Einen Schl\u00fcssel f\u00fcr den M\u00fcllplatz<\/label><\/li><\/ul><\/fieldset><\/div><\/div><!-- .wpforms-field-container --><div class=\"wpforms-submit-container\" ><input type=\"hidden\" name=\"wpforms[id]\" value=\"125\"><input type=\"hidden\" name=\"page_title\" value=\"\"><input type=\"hidden\" name=\"page_url\" value=\"https:\/\/mieterportal.wa-kurpark.de\/index.php\/wp-json\/wp\/v2\/pages\/32\"><input type=\"hidden\" name=\"url_referer\" value=\"\"><button type=\"submit\" name=\"wpforms[submit]\" id=\"wpforms-submit-125\" class=\"wpforms-submit\" data-alt-text=\"Senden\u2026\" data-submit-text=\"Absenden\" aria-live=\"assertive\" value=\"wpforms-submit\">Absenden<\/button><img loading=\"lazy\" decoding=\"async\" src=\"https:\/\/mieterportal.wa-kurpark.de\/wp-content\/plugins\/wpforms-lite\/assets\/images\/submit-spin.svg\" class=\"wpforms-submit-spinner\" style=\"display: none;\" width=\"26\" height=\"26\" alt=\"Wird geladen\"><\/div><\/form><\/div>  <!-- .wpforms-container -->\n","protected":false},"excerpt":{"rendered":"","protected":false},"author":1,"featured_media":0,"parent":0,"menu_order":0,"comment_status":"closed","ping_status":"closed","template":"","meta":{"footnotes":""},"class_list":["post-32","page","type-page","status-publish","hentry"],"_links":{"self":[{"href":"https:\/\/mieterportal.wa-kurpark.de\/index.php\/wp-json\/wp\/v2\/pages\/32","targetHints":{"allow":["GET"]}}],"collection":[{"href":"https:\/\/mieterportal.wa-kurpark.de\/index.php\/wp-json\/wp\/v2\/pages"}],"about":[{"href":"https:\/\/mieterportal.wa-kurpark.de\/index.php\/wp-json\/wp\/v2\/types\/page"}],"author":[{"embeddable":true,"href":"https:\/\/mieterportal.wa-kurpark.de\/index.php\/wp-json\/wp\/v2\/users\/1"}],"replies":[{"embeddable":true,"href":"https:\/\/mieterportal.wa-kurpark.de\/index.php\/wp-json\/wp\/v2\/comments?post=32"}],"version-history":[{"count":1,"href":"https:\/\/mieterportal.wa-kurpark.de\/index.php\/wp-json\/wp\/v2\/pages\/32\/revisions"}],"predecessor-version":[{"id":889,"href":"https:\/\/mieterportal.wa-kurpark.de\/index.php\/wp-json\/wp\/v2\/pages\/32\/revisions\/889"}],"wp:attachment":[{"href":"https:\/\/mieterportal.wa-kurpark.de\/index.php\/wp-json\/wp\/v2\/media?parent=32"}],"curies":[{"name":"wp","href":"https:\/\/api.w.org\/{rel}","templated":true}]}}